{"id":262,"date":"2024-01-18T19:03:10","date_gmt":"2024-01-18T22:03:10","guid":{"rendered":"https:\/\/peblubrificantes.com.br\/?post_type=product&#038;p=262"},"modified":"2024-01-18T19:03:10","modified_gmt":"2024-01-18T22:03:10","slug":"transferencia-de-calor","status":"publish","type":"product","link":"https:\/\/peblubrificantes.com.br\/index.php\/produto\/transferencia-de-calor\/","title":{"rendered":"Transfer\u00eancia de calor"},"content":{"rendered":"","protected":false},"excerpt":{"rendered":"<p><span style=\"font-weight: 400;\">Formulada com bases paraf\u00ednicas os naft\u00eanicas altamente eliminado, inibidores de oxida\u00e7\u00e3o anticorrosivos que conferem ao produto uma boa condutividade t\u00e9rmica adequada, calor espec\u00edfico, excelente estabilidade t\u00e9rmica e elevada resist\u00eancia \u00e0 oxida\u00e7\u00e3o.<\/span><\/p>\n<p><img decoding=\"async\" class=\"alignnone  wp-image-238\" src=\"https:\/\/peblubrificantes.com.br\/wp-content\/uploads\/2024\/01\/selos-08-300x105.png\" alt=\"\" width=\"137\" height=\"48\" srcset=\"https:\/\/peblubrificantes.com.br\/wp-content\/uploads\/2024\/01\/selos-08-300x105.png 300w, https:\/\/peblubrificantes.com.br\/wp-content\/uploads\/2024\/01\/selos-08-1024x358.png 1024w, https:\/\/peblubrificantes.com.br\/wp-content\/uploads\/2024\/01\/selos-08-768x269.png 768w, https:\/\/peblubrificantes.com.br\/wp-content\/uploads\/2024\/01\/selos-08-1536x538.png 1536w, https:\/\/peblubrificantes.com.br\/wp-content\/uploads\/2024\/01\/selos-08-2048x717.png 2048w\" sizes=\"(max-width: 137px) 100vw, 137px\" \/><\/p>\n[wpforms id=\"48\" title=\"true\"]\n","protected":false},"featured_media":263,"template":"","meta":{"neve_meta_sidebar":"","neve_meta_container":"","neve_meta_enable_content_width":"off","neve_meta_content_width":100,"neve_meta_title_alignment":"","neve_meta_author_avatar":"","neve_post_elements_order":"","neve_meta_disable_header":"","neve_meta_disable_footer":"","neve_meta_disable_title":""},"product_brand":[],"product_cat":[18],"product_tag":[],"class_list":{"0":"post-262","1":"product","2":"type-product","3":"status-publish","4":"has-post-thumbnail","6":"product_cat-lubrificante-industrial","8":"first","9":"instock","10":"shipping-taxable","11":"product-type-simple"},"_links":{"self":[{"href":"https:\/\/peblubrificantes.com.br\/index.php\/wp-json\/wp\/v2\/product\/262","targetHints":{"allow":["GET"]}}],"collection":[{"href":"https:\/\/peblubrificantes.com.br\/index.php\/wp-json\/wp\/v2\/product"}],"about":[{"href":"https:\/\/peblubrificantes.com.br\/index.php\/wp-json\/wp\/v2\/types\/product"}],"wp:featuredmedia":[{"embeddable":true,"href":"https:\/\/peblubrificantes.com.br\/index.php\/wp-json\/wp\/v2\/media\/263"}],"wp:attachment":[{"href":"https:\/\/peblubrificantes.com.br\/index.php\/wp-json\/wp\/v2\/media?parent=262"}],"wp:term":[{"taxonomy":"product_brand","embeddable":true,"href":"https:\/\/peblubrificantes.com.br\/index.php\/wp-json\/wp\/v2\/product_brand?post=262"},{"taxonomy":"product_cat","embeddable":true,"href":"https:\/\/peblubrificantes.com.br\/index.php\/wp-json\/wp\/v2\/product_cat?post=262"},{"taxonomy":"product_tag","embeddable":true,"href":"https:\/\/peblubrificantes.com.br\/index.php\/wp-json\/wp\/v2\/product_tag?post=262"}],"curies":[{"name":"wp","href":"https:\/\/api.w.org\/{rel}","templated":true}]}}