{"id":257,"date":"2024-01-18T19:00:48","date_gmt":"2024-01-18T22:00:48","guid":{"rendered":"https:\/\/peblubrificantes.com.br\/?post_type=product&#038;p=257"},"modified":"2024-01-18T19:00:59","modified_gmt":"2024-01-18T22:00:59","slug":"oleo-hidraulico-aw","status":"publish","type":"product","link":"https:\/\/peblubrificantes.com.br\/index.php\/produto\/oleo-hidraulico-aw\/","title":{"rendered":"\u00d3leo Hidr\u00e1ulico AW"},"content":{"rendered":"","protected":false},"excerpt":{"rendered":"<p><span style=\"font-weight: 400;\">Lubrificante mineral para sistemas hidr\u00e1ulicos. Fundo recomendado em sistemas hidr\u00e1ulicos dos mais variados equipamentos industriais leves. Proporcionam prote\u00e7\u00e3o antidesgaste, anticorrosiva, antiespumante Apresentam excelente compatibilidade com os materiais de veda\u00e7\u00e3o como os retentores, an\u00e9is e demais componentes, de borracha ou de pl\u00e1stico, existentes no sistema Aumentam a vida \u00fatil do equipamento em fun\u00e7\u00e3o da sua elevada aditiva\u00e7\u00e3o antidesgaste (AW-Anti-Wear) e eficiente prote\u00e7\u00e3o contra a comando das partes met\u00e1licas. Evitam a forma\u00e7\u00e3o de espuma garantindo perfeita lubrifica\u00e7\u00e3o no sistema retardando a oxida\u00e7\u00e3o prematura do \u00f3leo, podendo ser utilizado por per\u00edodos mais longos reduzindo as paradas de m\u00e1quinas.<\/span><\/p>\n<p><img decoding=\"async\" class=\"alignnone wp-image-238\" src=\"https:\/\/peblubrificantes.com.br\/wp-content\/uploads\/2024\/01\/selos-08-300x105.png\" alt=\"\" width=\"137\" height=\"48\" srcset=\"https:\/\/peblubrificantes.com.br\/wp-content\/uploads\/2024\/01\/selos-08-300x105.png 300w, https:\/\/peblubrificantes.com.br\/wp-content\/uploads\/2024\/01\/selos-08-1024x358.png 1024w, https:\/\/peblubrificantes.com.br\/wp-content\/uploads\/2024\/01\/selos-08-768x269.png 768w, https:\/\/peblubrificantes.com.br\/wp-content\/uploads\/2024\/01\/selos-08-1536x538.png 1536w, https:\/\/peblubrificantes.com.br\/wp-content\/uploads\/2024\/01\/selos-08-2048x717.png 2048w\" sizes=\"(max-width: 137px) 100vw, 137px\" \/><\/p>\n[wpforms id=\"48\" title=\"true\"]\n<p>&nbsp;<\/p>\n","protected":false},"featured_media":258,"template":"","meta":{"neve_meta_sidebar":"","neve_meta_container":"","neve_meta_enable_content_width":"off","neve_meta_content_width":100,"neve_meta_title_alignment":"","neve_meta_author_avatar":"","neve_post_elements_order":"","neve_meta_disable_header":"","neve_meta_disable_footer":"","neve_meta_disable_title":""},"product_brand":[],"product_cat":[18],"product_tag":[],"class_list":{"0":"post-257","1":"product","2":"type-product","3":"status-publish","4":"has-post-thumbnail","6":"product_cat-lubrificante-industrial","8":"first","9":"instock","10":"shipping-taxable","11":"product-type-simple"},"_links":{"self":[{"href":"https:\/\/peblubrificantes.com.br\/index.php\/wp-json\/wp\/v2\/product\/257","targetHints":{"allow":["GET"]}}],"collection":[{"href":"https:\/\/peblubrificantes.com.br\/index.php\/wp-json\/wp\/v2\/product"}],"about":[{"href":"https:\/\/peblubrificantes.com.br\/index.php\/wp-json\/wp\/v2\/types\/product"}],"wp:featuredmedia":[{"embeddable":true,"href":"https:\/\/peblubrificantes.com.br\/index.php\/wp-json\/wp\/v2\/media\/258"}],"wp:attachment":[{"href":"https:\/\/peblubrificantes.com.br\/index.php\/wp-json\/wp\/v2\/media?parent=257"}],"wp:term":[{"taxonomy":"product_brand","embeddable":true,"href":"https:\/\/peblubrificantes.com.br\/index.php\/wp-json\/wp\/v2\/product_brand?post=257"},{"taxonomy":"product_cat","embeddable":true,"href":"https:\/\/peblubrificantes.com.br\/index.php\/wp-json\/wp\/v2\/product_cat?post=257"},{"taxonomy":"product_tag","embeddable":true,"href":"https:\/\/peblubrificantes.com.br\/index.php\/wp-json\/wp\/v2\/product_tag?post=257"}],"curies":[{"name":"wp","href":"https:\/\/api.w.org\/{rel}","templated":true}]}}