{"id":255,"date":"2024-01-18T18:58:59","date_gmt":"2024-01-18T21:58:59","guid":{"rendered":"https:\/\/peblubrificantes.com.br\/?post_type=product&#038;p=255"},"modified":"2024-01-22T10:11:18","modified_gmt":"2024-01-22T13:11:18","slug":"para-redutores","status":"publish","type":"product","link":"https:\/\/peblubrificantes.com.br\/index.php\/produto\/para-redutores\/","title":{"rendered":"Para Redutores"},"content":{"rendered":"","protected":false},"excerpt":{"rendered":"<p>Lubrificantes de base mineral semi-sint\u00e9tico ou sint\u00e9tica indicados para \u00f3leos de engrenagens, redutores industriais e mancais de rolos. Elaborado com aditivos de extrema press\u00e3o cuidadosamente selecionados, proporcionou maior prote\u00e7\u00e3o contra o desgaste das engrenagens, proveniente das condi\u00e7\u00f5es de funcionamento. Viscosidades: 68, 100, 100, 220, 220, 400, 600, 1000 e 1500. Podendo ser com ou sem grau aliment\u00edcio.<\/p>\n<p><img decoding=\"async\" class=\"alignnone wp-image-238\" src=\"https:\/\/peblubrificantes.com.br\/wp-content\/uploads\/2024\/01\/selos-08-300x105.png\" alt=\"\" width=\"137\" height=\"48\" srcset=\"https:\/\/peblubrificantes.com.br\/wp-content\/uploads\/2024\/01\/selos-08-300x105.png 300w, https:\/\/peblubrificantes.com.br\/wp-content\/uploads\/2024\/01\/selos-08-1024x358.png 1024w, https:\/\/peblubrificantes.com.br\/wp-content\/uploads\/2024\/01\/selos-08-768x269.png 768w, https:\/\/peblubrificantes.com.br\/wp-content\/uploads\/2024\/01\/selos-08-1536x538.png 1536w, https:\/\/peblubrificantes.com.br\/wp-content\/uploads\/2024\/01\/selos-08-2048x717.png 2048w\" sizes=\"(max-width: 137px) 100vw, 137px\" \/><\/p>\n[wpforms id=\"48\" title=\"true\"]\n","protected":false},"featured_media":256,"template":"","meta":{"neve_meta_sidebar":"","neve_meta_container":"","neve_meta_enable_content_width":"off","neve_meta_content_width":100,"neve_meta_title_alignment":"","neve_meta_author_avatar":"","neve_post_elements_order":"","neve_meta_disable_header":"","neve_meta_disable_footer":"","neve_meta_disable_title":""},"product_brand":[],"product_cat":[18],"product_tag":[],"class_list":{"0":"post-255","1":"product","2":"type-product","3":"status-publish","4":"has-post-thumbnail","6":"product_cat-lubrificante-industrial","8":"first","9":"instock","10":"shipping-taxable","11":"product-type-simple"},"_links":{"self":[{"href":"https:\/\/peblubrificantes.com.br\/index.php\/wp-json\/wp\/v2\/product\/255","targetHints":{"allow":["GET"]}}],"collection":[{"href":"https:\/\/peblubrificantes.com.br\/index.php\/wp-json\/wp\/v2\/product"}],"about":[{"href":"https:\/\/peblubrificantes.com.br\/index.php\/wp-json\/wp\/v2\/types\/product"}],"wp:featuredmedia":[{"embeddable":true,"href":"https:\/\/peblubrificantes.com.br\/index.php\/wp-json\/wp\/v2\/media\/256"}],"wp:attachment":[{"href":"https:\/\/peblubrificantes.com.br\/index.php\/wp-json\/wp\/v2\/media?parent=255"}],"wp:term":[{"taxonomy":"product_brand","embeddable":true,"href":"https:\/\/peblubrificantes.com.br\/index.php\/wp-json\/wp\/v2\/product_brand?post=255"},{"taxonomy":"product_cat","embeddable":true,"href":"https:\/\/peblubrificantes.com.br\/index.php\/wp-json\/wp\/v2\/product_cat?post=255"},{"taxonomy":"product_tag","embeddable":true,"href":"https:\/\/peblubrificantes.com.br\/index.php\/wp-json\/wp\/v2\/product_tag?post=255"}],"curies":[{"name":"wp","href":"https:\/\/api.w.org\/{rel}","templated":true}]}}