{"id":253,"date":"2024-01-18T18:57:52","date_gmt":"2024-01-18T21:57:52","guid":{"rendered":"https:\/\/peblubrificantes.com.br\/?post_type=product&#038;p=253"},"modified":"2024-01-18T19:03:39","modified_gmt":"2024-01-18T22:03:39","slug":"fluidos-de-usinagem","status":"publish","type":"product","link":"https:\/\/peblubrificantes.com.br\/index.php\/produto\/fluidos-de-usinagem\/","title":{"rendered":"Flu\u00eddos de Usinagem"},"content":{"rendered":"<ul>\n<li><\/li>\n<\/ul>\n","protected":false},"excerpt":{"rendered":"<p><span style=\"font-weight: 400;\">Produtos auxiliares para trabalho em metais, com maior seguran\u00e7a operacional ao usu\u00e1rio e menor agress\u00e3o ao meio ambiente. Fluidos de Corte e Usinagem, Fiados para Eletroeros\u00e3o, Fluidos para Estampo e Repura, Anti Respingos para Sistemos Rob\u00f3ticos, Antinespingos Cer\u00e2micos de Longa Dura\u00e7\u00e3o, Anti Respingos-base Silicone, Anti Respingos fluentes de silicone.<\/span><\/p>\n<p>&nbsp;<\/p>\n[wpforms id=\"48\" title=\"true\"]\n","protected":false},"featured_media":254,"template":"","meta":{"neve_meta_sidebar":"","neve_meta_container":"","neve_meta_enable_content_width":"off","neve_meta_content_width":100,"neve_meta_title_alignment":"","neve_meta_author_avatar":"","neve_post_elements_order":"","neve_meta_disable_header":"","neve_meta_disable_footer":"","neve_meta_disable_title":""},"product_brand":[],"product_cat":[18],"product_tag":[],"class_list":{"0":"post-253","1":"product","2":"type-product","3":"status-publish","4":"has-post-thumbnail","6":"product_cat-lubrificante-industrial","8":"first","9":"instock","10":"shipping-taxable","11":"product-type-simple"},"_links":{"self":[{"href":"https:\/\/peblubrificantes.com.br\/index.php\/wp-json\/wp\/v2\/product\/253","targetHints":{"allow":["GET"]}}],"collection":[{"href":"https:\/\/peblubrificantes.com.br\/index.php\/wp-json\/wp\/v2\/product"}],"about":[{"href":"https:\/\/peblubrificantes.com.br\/index.php\/wp-json\/wp\/v2\/types\/product"}],"wp:featuredmedia":[{"embeddable":true,"href":"https:\/\/peblubrificantes.com.br\/index.php\/wp-json\/wp\/v2\/media\/254"}],"wp:attachment":[{"href":"https:\/\/peblubrificantes.com.br\/index.php\/wp-json\/wp\/v2\/media?parent=253"}],"wp:term":[{"taxonomy":"product_brand","embeddable":true,"href":"https:\/\/peblubrificantes.com.br\/index.php\/wp-json\/wp\/v2\/product_brand?post=253"},{"taxonomy":"product_cat","embeddable":true,"href":"https:\/\/peblubrificantes.com.br\/index.php\/wp-json\/wp\/v2\/product_cat?post=253"},{"taxonomy":"product_tag","embeddable":true,"href":"https:\/\/peblubrificantes.com.br\/index.php\/wp-json\/wp\/v2\/product_tag?post=253"}],"curies":[{"name":"wp","href":"https:\/\/api.w.org\/{rel}","templated":true}]}}